{"id":1742,"date":"2024-06-11T14:50:27","date_gmt":"2024-06-11T13:50:27","guid":{"rendered":"https:\/\/rawiptv.com\/?page_id=1742"},"modified":"2024-06-11T14:58:02","modified_gmt":"2024-06-11T13:58:02","slug":"privacy-policy-2","status":"publish","type":"page","link":"https:\/\/iptv-tel.com\/es\/privacy-policy-2\/","title":{"rendered":"Pol\u00edtica de privacidad"},"content":{"rendered":"<div data-elementor-type=\"wp-page\" data-elementor-id=\"1742\" class=\"elementor elementor-1742\" data-elementor-post-type=\"page\">\n\t\t\t\t<div class=\"elementor-element elementor-element-8e1c8d7 e-con-full e-flex e-con e-parent\" data-id=\"8e1c8d7\" data-element_type=\"container\" data-e-type=\"container\" data-settings=\"{&quot;background_background&quot;:&quot;classic&quot;}\">\n\t\t\t\t<div class=\"elementor-element elementor-element-de2a0d0 elementor-widget__width-initial elementor-widget-mobile__width-inherit elementor-widget elementor-widget-text-editor\" data-id=\"de2a0d0\" data-element_type=\"widget\" data-e-type=\"widget\" data-widget_type=\"text-editor.default\">\n\t\t\t\t<div class=\"elementor-widget-container\">\n\t\t\t\t\t\t\t\t\t<p class=\"p1\"><span class=\"s1\">Bienvenido a iptv-tel.com\n<\/span><span class=\"s1\">Entendemos que la privacidad en l\u00ednea es importante para los usuarios de nuestro Sitio, especialmente cuando realizan transacciones comerciales. Esta declaraci\u00f3n rige nuestras pol\u00edticas de privacidad con respecto a los usuarios del Sitio que lo visitan sin realizar transacciones comerciales y a los Visitantes que se registran para realizar transacciones comerciales en el Sitio y hacer uso de los diversos servicios ofrecidos por IPTV-TEL.<\/span><\/p>\n<p class=\"p1\"><span class=\"s1\">\u00a0<\/span><\/p>\n<p class=\"p1\"><span class=\"s1\"><strong><span style=\"color: #FE9043;\">\"Informaci\u00f3n personal identificable\"<\/span><\/strong><\/span><\/p>\n<p class=\"p1\"><span class=\"s1\">se refiere a cualquier informaci\u00f3n que identifique o pueda utilizarse para identificar, contactar o localizar a la persona a la que pertenece dicha informaci\u00f3n, incluidos, entre otros, nombre, direcci\u00f3n, n\u00famero de tel\u00e9fono, n\u00famero de fax, direcci\u00f3n de correo electr\u00f3nico, perfiles financieros, n\u00famero de la seguridad social e informaci\u00f3n sobre tarjetas de cr\u00e9dito. La informaci\u00f3n de identificaci\u00f3n personal no incluye la informaci\u00f3n que se recoge de forma an\u00f3nima (es decir, sin identificaci\u00f3n del usuario individual) ni la informaci\u00f3n demogr\u00e1fica no relacionada con un individuo identificado.<\/span><\/p>\n<p class=\"p1\"><span class=\"s1\">\u00a0<\/span><\/p>\n<p class=\"p1\"><span class=\"s1\"><strong><span style=\"color: #FE9043;\">\u00bfQu\u00e9 datos personales se recogen?<\/span><\/strong><\/span><\/p>\n<p class=\"p1\"><span class=\"s1\">Podemos recopilar informaci\u00f3n b\u00e1sica sobre el perfil de usuario de todos nuestros Visitantes. Recopilamos la siguiente informaci\u00f3n adicional de nuestros Clientes Autorizados: los nombres, direcciones, n\u00fameros de tel\u00e9fono y direcciones de correo electr\u00f3nico de los Clientes Autorizados, la naturaleza y el tama\u00f1o del negocio, y la naturaleza y el tama\u00f1o del inventario publicitario que el Cliente Autorizado pretende comprar o vender.<\/span><\/p>\n<p class=\"p1\"><span class=\"s1\">\u00a0<\/span><\/p>\n<p class=\"p1\"><span class=\"s1\"><strong><span style=\"color: #FE9043;\">\u00bfQu\u00e9 organizaciones recopilan la informaci\u00f3n?<\/span><\/strong><\/span><\/p>\n<p class=\"p1\"><span class=\"s1\">Adem\u00e1s de nuestra recopilaci\u00f3n directa de informaci\u00f3n, nuestros proveedores de servicios externos (como compa\u00f1\u00edas de tarjetas de cr\u00e9dito, c\u00e1maras de compensaci\u00f3n y bancos) que pueden proporcionar servicios como cr\u00e9ditos, seguros y servicios de custodia pueden recopilar esta informaci\u00f3n de nuestros visitantes y clientes autorizados. No controlamos la forma en que estos terceros utilizan dicha informaci\u00f3n, pero les pedimos que revelen c\u00f3mo utilizan la informaci\u00f3n personal que les proporcionan los Visitantes y Clientes Autorizados. Algunos de estos terceros pueden ser intermediarios que act\u00faan \u00fanicamente como eslabones de la cadena de distribuci\u00f3n y no almacenan, conservan ni utilizan la informaci\u00f3n que se les facilita.<\/span><\/p>\n<p class=\"p1\"><span class=\"s1\">\u00a0<\/span><\/p>\n<p class=\"p1\"><span class=\"s1\"><strong><span style=\"color: #FE9043;\">\u00bfC\u00f3mo utiliza el sitio web la informaci\u00f3n de identificaci\u00f3n personal?<\/span><\/strong><\/span><\/p>\n<p class=\"p1\"><span class=\"s1\">Utilizamos los Datos Personales para personalizar el Sitio, ofrecer los servicios adecuados y satisfacer las solicitudes de compra y venta en el Sitio. Podemos enviar correos electr\u00f3nicos a los Visitantes y Clientes Autorizados sobre oportunidades de investigaci\u00f3n o de compra y venta en el Sitio o informaci\u00f3n relacionada con el tema del Sitio. Tambi\u00e9n podemos utilizar los Datos Personales para ponernos en contacto con los Visitantes y Clientes Autorizados en respuesta a consultas espec\u00edficas o para proporcionar la informaci\u00f3n solicitada.<\/span><\/p>\n<p class=\"p1\"><span class=\"s1\"><strong><span style=\"color: #FE9043;\">\u00a0<\/span><\/strong><\/span><\/p>\n<p class=\"p1\"><span class=\"s1\"><strong><span style=\"color: #FE9043;\">\u00bfCon qui\u00e9n puede compartirse la informaci\u00f3n?<\/span><\/strong><\/span><\/p>\n<p class=\"p1\"><span class=\"s1\">La informaci\u00f3n de identificaci\u00f3n personal sobre los clientes autorizados puede compartirse con otros clientes autorizados que deseen evaluar posibles transacciones con otros clientes autorizados. Podemos compartir informaci\u00f3n agregada sobre nuestros visitantes, incluidos los datos demogr\u00e1ficos de nuestros visitantes y clientes autorizados, con nuestras agencias afiliadas y proveedores externos. Tambi\u00e9n ofrecemos la oportunidad de \"optar por no\" recibir informaci\u00f3n o ser contactado por nosotros o por cualquier agencia que act\u00fae en nuestro nombre.<\/span><\/p>\n<p class=\"p1\"><span class=\"s1\"><strong><span style=\"color: #FE9043;\">\u00a0<\/span><\/strong><\/span><\/p>\n<p class=\"p1\"><span class=\"s1\"><strong><span style=\"color: #FE9043;\">\u00bfC\u00f3mo se almacena la informaci\u00f3n de identificaci\u00f3n personal?<\/span><\/strong><\/span><\/p>\n<p class=\"p1\"><span class=\"s1\">La Informaci\u00f3n de Identificaci\u00f3n Personal recopilada por IPTV-TEL se almacena de forma segura y no es accesible a terceros ni a los empleados de IPTV-TEL, excepto para el uso indicado anteriormente.<\/span><\/p>\n<p class=\"p1\"><span class=\"s1\"><strong><span style=\"color: #FE9043;\">\u00a0<\/span><\/strong><\/span><\/p>\n<p class=\"p1\"><span class=\"s1\"><strong><span style=\"color: #FE9043;\">\u00bfQu\u00e9 opciones tienen los visitantes respecto a la recogida, uso y distribuci\u00f3n de la informaci\u00f3n?<\/span><\/strong><\/span><\/p>\n<p class=\"p1\"><span class=\"s1\">Los visitantes y clientes autorizados pueden optar por no recibir informaci\u00f3n no solicitada o por no ser contactados por nosotros y\/o nuestros proveedores y agencias afiliadas respondiendo a los correos electr\u00f3nicos seg\u00fan las instrucciones, o poni\u00e9ndose en contacto con nosotros en<\/span><\/p>\n<p class=\"p1\"><span class=\"s1\"><strong><span style=\"color: #FE9043;\">\u00a0<\/span><\/strong><\/span><\/p>\n<p class=\"p1\"><span class=\"s1\"><strong><span style=\"color: #FE9043;\">\u00bfSe utilizan cookies en el sitio web?<\/span><\/strong><\/span><\/p>\n<p class=\"p1\"><span class=\"s1\">Las cookies se utilizan por diversas razones. Utilizamos Cookies para obtener informaci\u00f3n sobre las preferencias de nuestros Visitantes y los servicios que seleccionan. Tambi\u00e9n utilizamos Cookies con fines de seguridad para proteger a nuestros Clientes Autorizados. Por ejemplo, si un Cliente Autorizado est\u00e1 conectado y el sitio no se utiliza durante m\u00e1s de 10 minutos, cerraremos autom\u00e1ticamente la sesi\u00f3n del Cliente Autorizado.<\/span><\/p>\n<p class=\"p1\"><span class=\"s1\"><strong><span style=\"color: #FE9043;\">\u00a0<\/span><\/strong><\/span><\/p>\n<p class=\"p1\"><span class=\"s1\"><strong><span style=\"color: #FE9043;\">\u00bfC\u00f3mo utiliza IPTV-TEL los datos de acceso?<\/span><\/strong><\/span><\/p>\n<p class=\"p1\"><span class=\"s1\">IPTV-TEL utiliza la informaci\u00f3n de acceso, incluyendo, pero no limitado a, direcciones IP, ISPs, y tipos de navegador, para analizar tendencias, administrar el Sitio, rastrear el movimiento y uso de un usuario, y recopilar amplia informaci\u00f3n demogr\u00e1fica.<\/span><\/p>\n<p class=\"p1\"><span class=\"s1\"><strong><span style=\"color: #FE9043;\">\u00a0<\/span><\/strong><\/span><\/p>\n<p class=\"p1\"><span class=\"s1\"><strong><span style=\"color: #FE9043;\">\u00bfQu\u00e9 socios o proveedores de servicios tienen acceso a la Informaci\u00f3n de Identificaci\u00f3n Personal de los Visitantes y\/o Clientes Autorizados en el Sitio?<\/span><\/strong><\/span><\/p>\n<p class=\"p1\"><span class=\"s1\">IPTV-TEL ha establecido y continuar\u00e1 estableciendo asociaciones y otras afiliaciones con diversos proveedores. Dichos proveedores pueden tener acceso a determinada Informaci\u00f3n de Identificaci\u00f3n Personal cuando sea necesario para evaluar la elegibilidad de los Clientes Autorizados para el servicio. Nuestra pol\u00edtica de privacidad no cubre la recopilaci\u00f3n o el uso de esta informaci\u00f3n. Divulgaci\u00f3n de datos de identificaci\u00f3n personal para cumplir la ley. Divulgaremos datos personales para cumplir una orden judicial o una citaci\u00f3n, o una solicitud de divulgaci\u00f3n de informaci\u00f3n por parte de un organismo encargado de hacer cumplir la ley. Tambi\u00e9n revelaremos datos de identificaci\u00f3n personal cuando sea razonablemente necesario para proteger la seguridad de nuestros visitantes y clientes autorizados.<\/span><\/p>\n<p class=\"p1\"><span class=\"s1\"><strong><span style=\"color: #FE9043;\">\u00a0<\/span><\/strong><\/span><\/p>\n<p class=\"p1\"><span class=\"s1\"><strong><span style=\"color: #FE9043;\">\u00bfC\u00f3mo protege el sitio la informaci\u00f3n personal?<\/span><\/strong><\/span><\/p>\n<p class=\"p1\"><span class=\"s1\">Todos nuestros empleados est\u00e1n familiarizados con nuestra pol\u00edtica y pr\u00e1cticas de seguridad. La informaci\u00f3n personal identificable de nuestros visitantes y clientes autorizados s\u00f3lo es accesible a un n\u00famero limitado de empleados cualificados a los que se proporciona una contrase\u00f1a para acceder a la informaci\u00f3n. Realizamos auditor\u00edas peri\u00f3dicas de nuestros sistemas y procesos de seguridad. La informaci\u00f3n confidencial, como los n\u00fameros de tarjetas de cr\u00e9dito o de la seguridad social, est\u00e1 protegida por protocolos de encriptaci\u00f3n, establecidos para proteger la informaci\u00f3n enviada por Internet. Aunque tomamos medidas comercialmente razonables para mantener un sitio seguro, las comunicaciones electr\u00f3nicas y las bases de datos est\u00e1n sujetas a errores, manipulaciones e intrusiones, y no podemos garantizar ni asegurar que tales eventos no tendr\u00e1n lugar y no seremos responsables ante los Visitantes o Clientes Autorizados por tales ocurrencias.<\/span><\/p>\n<p class=\"p1\"><span class=\"s1\"><strong><span style=\"color: #FE9043;\">\u00a0<\/span><\/strong><\/span><\/p>\n<p class=\"p1\"><span class=\"s1\"><strong><span style=\"color: #FE9043;\">\u00bfC\u00f3mo pueden los visitantes corregir cualquier inexactitud en la informaci\u00f3n de identificaci\u00f3n personal?<\/span><\/strong><\/span><\/p>\n<p class=\"p1\"><span class=\"s1\">Los visitantes y clientes autorizados pueden ponerse en contacto con nosotros para actualizar sus datos personales o corregir cualquier inexactitud envi\u00e1ndonos un correo electr\u00f3nico a support@iptv-tel.com.<\/span><\/p>\n<p class=\"p1\"><span class=\"s1\"><strong><span style=\"color: #FE9043;\">\u00a0<\/span><\/strong><\/span><\/p>\n<p class=\"p1\"><span class=\"s1\"><strong><span style=\"color: #FE9043;\">\u00bfPuede un visitante borrar o desactivar la informaci\u00f3n personal recopilada por el sitio?<\/span><\/strong><\/span><\/p>\n<p class=\"p1\"><span class=\"s1\">Proporcionamos a los Visitantes y Clientes Autorizados un mecanismo para borrar\/desactivar la Informaci\u00f3n de Identificaci\u00f3n Personal de la base de datos del Sitio poni\u00e9ndose en contacto con ellos. Sin embargo, debido a las copias de seguridad y a los registros de eliminaciones, puede resultar imposible eliminar la entrada de un Visitante sin conservar alguna informaci\u00f3n residual. En el caso de que una persona solicite la desactivaci\u00f3n de sus datos personales, \u00e9stos se eliminar\u00e1n funcionalmente y no se vender\u00e1n, transferir\u00e1n ni utilizar\u00e1n de ning\u00fan modo en el futuro.<\/span><\/p>\n<p class=\"p1\"><span class=\"s1\"><strong><span style=\"color: #FE9043;\">\u00a0<\/span><\/strong><\/span><\/p>\n<p class=\"p1\"><span class=\"s1\"><strong><span style=\"color: #FE9043;\">\u00bfQu\u00e9 ocurre si cambia la Pol\u00edtica de privacidad?<\/span><\/strong><\/span><\/p>\n<p class=\"p1\"><span class=\"s1\">Informaremos a nuestros visitantes y clientes autorizados de los cambios en nuestra pol\u00edtica de privacidad publicando dichos cambios en el sitio. Sin embargo, si cambiamos nuestra pol\u00edtica de privacidad de manera que pueda causar la divulgaci\u00f3n de Informaci\u00f3n de Identificaci\u00f3n Personal que un Visitante o Cliente Autorizado haya solicitado previamente que no se divulgue, nos pondremos en contacto con dicho Visitante o Cliente Autorizado para permitir que dicho Visitante o Cliente Autorizado evite dicha divulgaci\u00f3n.<\/span><\/p>\n<p class=\"p1\"><span class=\"s1\"><strong><span style=\"color: #FE9043;\">\u00a0<\/span><\/strong><\/span><\/p>\n<p class=\"p1\"><span class=\"s1\"><strong><span style=\"color: #FE9043;\">Enlaces:<\/span><\/strong><\/span><\/p>\n<p class=\"p1\"><span class=\"s1\">iptv-tel.com contiene enlaces a otros sitios web. Tenga en cuenta que, al hacer clic en uno de estos enlaces, se trasladar\u00e1 a otro sitio web. Le recomendamos que lea las declaraciones de privacidad de estos sitios enlazados, ya que sus pol\u00edticas de privacidad pueden diferir de las nuestras.<\/span><\/p>\t\t\t\t\t\t\t\t<\/div>\n\t\t\t\t<\/div>\n\t\t\t\t<\/div>\n\t\t\t\t<\/div>","protected":false},"excerpt":{"rendered":"<p>Welcome to iptv-tel.com We understand that privacy online is important to users of our Site, especially when conducting business. This statement governs our privacy policies with respect to those users of the Site who visit without transacting business and Visitors who register to transact business on the Site and make use of the various services [&hellip;]<\/p>\n","protected":false},"author":1,"featured_media":0,"parent":0,"menu_order":0,"comment_status":"closed","ping_status":"closed","template":"elementor_header_footer","meta":{"footnotes":""},"class_list":["post-1742","page","type-page","status-publish","hentry"],"yoast_head":"<!-- This site is optimized with the Yoast SEO plugin v27.4 - https:\/\/yoast.com\/product\/yoast-seo-wordpress\/ -->\n<title>Privacy Policy - Iptv-tel.com<\/title>\n<meta name=\"robots\" content=\"index, follow, max-snippet:-1, max-image-preview:large, max-video-preview:-1\" \/>\n<link rel=\"canonical\" href=\"https:\/\/iptv-tel.com\/es\/privacy-policy-2\/\" \/>\n<meta property=\"og:locale\" content=\"es_ES\" \/>\n<meta property=\"og:type\" content=\"article\" \/>\n<meta property=\"og:title\" content=\"Privacy Policy - Iptv-tel.com\" \/>\n<meta property=\"og:description\" content=\"Welcome to iptv-tel.com We understand that privacy online is important to users of our Site, especially when conducting business. This statement governs our privacy policies with respect to those users of the Site who visit without transacting business and Visitors who register to transact business on the Site and make use of the various services [&hellip;]\" \/>\n<meta property=\"og:url\" content=\"https:\/\/iptv-tel.com\/es\/privacy-policy-2\/\" \/>\n<meta property=\"og:site_name\" content=\"Iptv-tel.com\" \/>\n<meta property=\"article:modified_time\" content=\"2024-06-11T13:58:02+00:00\" \/>\n<meta property=\"og:image\" content=\"https:\/\/iptv-tel.com\/wp-content\/uploads\/2026\/04\/iptvtel-1024x683.png\" \/>\n\t<meta property=\"og:image:width\" content=\"1024\" \/>\n\t<meta property=\"og:image:height\" content=\"683\" \/>\n\t<meta property=\"og:image:type\" content=\"image\/png\" \/>\n<meta name=\"twitter:card\" content=\"summary_large_image\" \/>\n<meta name=\"twitter:label1\" content=\"Tiempo de lectura\" \/>\n\t<meta name=\"twitter:data1\" content=\"6 minutos\" \/>\n<script type=\"application\/ld+json\" class=\"yoast-schema-graph\">{\"@context\":\"https:\\\/\\\/schema.org\",\"@graph\":[{\"@type\":\"WebPage\",\"@id\":\"https:\\\/\\\/iptv-tel.com\\\/privacy-policy-2\\\/\",\"url\":\"https:\\\/\\\/iptv-tel.com\\\/privacy-policy-2\\\/\",\"name\":\"Privacy Policy - Iptv-tel.com\",\"isPartOf\":{\"@id\":\"https:\\\/\\\/iptv-tel.com\\\/#website\"},\"datePublished\":\"2024-06-11T13:50:27+00:00\",\"dateModified\":\"2024-06-11T13:58:02+00:00\",\"breadcrumb\":{\"@id\":\"https:\\\/\\\/iptv-tel.com\\\/privacy-policy-2\\\/#breadcrumb\"},\"inLanguage\":\"es\",\"potentialAction\":[{\"@type\":\"ReadAction\",\"target\":[\"https:\\\/\\\/iptv-tel.com\\\/privacy-policy-2\\\/\"]}]},{\"@type\":\"BreadcrumbList\",\"@id\":\"https:\\\/\\\/iptv-tel.com\\\/privacy-policy-2\\\/#breadcrumb\",\"itemListElement\":[{\"@type\":\"ListItem\",\"position\":1,\"name\":\"Home\",\"item\":\"https:\\\/\\\/iptv-tel.com\\\/\"},{\"@type\":\"ListItem\",\"position\":2,\"name\":\"Privacy Policy\"}]},{\"@type\":\"WebSite\",\"@id\":\"https:\\\/\\\/iptv-tel.com\\\/#website\",\"url\":\"https:\\\/\\\/iptv-tel.com\\\/\",\"name\":\"iptv-tel\",\"description\":\"iptv\",\"publisher\":{\"@id\":\"https:\\\/\\\/iptv-tel.com\\\/#organization\"},\"alternateName\":\"iptv-tel\",\"potentialAction\":[{\"@type\":\"SearchAction\",\"target\":{\"@type\":\"EntryPoint\",\"urlTemplate\":\"https:\\\/\\\/iptv-tel.com\\\/?s={search_term_string}\"},\"query-input\":{\"@type\":\"PropertyValueSpecification\",\"valueRequired\":true,\"valueName\":\"search_term_string\"}}],\"inLanguage\":\"es\"},{\"@type\":\"Organization\",\"@id\":\"https:\\\/\\\/iptv-tel.com\\\/#organization\",\"name\":\"iptv-tel\",\"alternateName\":\"iptv\",\"url\":\"https:\\\/\\\/iptv-tel.com\\\/\",\"logo\":{\"@type\":\"ImageObject\",\"inLanguage\":\"es\",\"@id\":\"https:\\\/\\\/iptv-tel.com\\\/#\\\/schema\\\/logo\\\/image\\\/\",\"url\":\"https:\\\/\\\/iptv-tel.com\\\/wp-content\\\/uploads\\\/2026\\\/04\\\/cropped-cropped-rsz_1iptvtel.png\",\"contentUrl\":\"https:\\\/\\\/iptv-tel.com\\\/wp-content\\\/uploads\\\/2026\\\/04\\\/cropped-cropped-rsz_1iptvtel.png\",\"width\":531,\"height\":182,\"caption\":\"iptv-tel\"},\"image\":{\"@id\":\"https:\\\/\\\/iptv-tel.com\\\/#\\\/schema\\\/logo\\\/image\\\/\"}}]}<\/script>\n<!-- \/ Yoast SEO plugin. -->","yoast_head_json":{"title":"Privacy Policy - Iptv-tel.com","robots":{"index":"index","follow":"follow","max-snippet":"max-snippet:-1","max-image-preview":"max-image-preview:large","max-video-preview":"max-video-preview:-1"},"canonical":"https:\/\/iptv-tel.com\/es\/privacy-policy-2\/","og_locale":"es_ES","og_type":"article","og_title":"Privacy Policy - Iptv-tel.com","og_description":"Welcome to iptv-tel.com We understand that privacy online is important to users of our Site, especially when conducting business. This statement governs our privacy policies with respect to those users of the Site who visit without transacting business and Visitors who register to transact business on the Site and make use of the various services [&hellip;]","og_url":"https:\/\/iptv-tel.com\/es\/privacy-policy-2\/","og_site_name":"Iptv-tel.com","article_modified_time":"2024-06-11T13:58:02+00:00","og_image":[{"width":1024,"height":683,"url":"https:\/\/iptv-tel.com\/wp-content\/uploads\/2026\/04\/iptvtel-1024x683.png","type":"image\/png"}],"twitter_card":"summary_large_image","twitter_misc":{"Tiempo de lectura":"6 minutos"},"schema":{"@context":"https:\/\/schema.org","@graph":[{"@type":"WebPage","@id":"https:\/\/iptv-tel.com\/privacy-policy-2\/","url":"https:\/\/iptv-tel.com\/privacy-policy-2\/","name":"Privacy Policy - Iptv-tel.com","isPartOf":{"@id":"https:\/\/iptv-tel.com\/#website"},"datePublished":"2024-06-11T13:50:27+00:00","dateModified":"2024-06-11T13:58:02+00:00","breadcrumb":{"@id":"https:\/\/iptv-tel.com\/privacy-policy-2\/#breadcrumb"},"inLanguage":"es","potentialAction":[{"@type":"ReadAction","target":["https:\/\/iptv-tel.com\/privacy-policy-2\/"]}]},{"@type":"BreadcrumbList","@id":"https:\/\/iptv-tel.com\/privacy-policy-2\/#breadcrumb","itemListElement":[{"@type":"ListItem","position":1,"name":"Home","item":"https:\/\/iptv-tel.com\/"},{"@type":"ListItem","position":2,"name":"Privacy Policy"}]},{"@type":"WebSite","@id":"https:\/\/iptv-tel.com\/#website","url":"https:\/\/iptv-tel.com\/","name":"iptv-tel","description":"iptv","publisher":{"@id":"https:\/\/iptv-tel.com\/#organization"},"alternateName":"iptv-tel","potentialAction":[{"@type":"SearchAction","target":{"@type":"EntryPoint","urlTemplate":"https:\/\/iptv-tel.com\/?s={search_term_string}"},"query-input":{"@type":"PropertyValueSpecification","valueRequired":true,"valueName":"search_term_string"}}],"inLanguage":"es"},{"@type":"Organization","@id":"https:\/\/iptv-tel.com\/#organization","name":"iptv-tel","alternateName":"iptv","url":"https:\/\/iptv-tel.com\/","logo":{"@type":"ImageObject","inLanguage":"es","@id":"https:\/\/iptv-tel.com\/#\/schema\/logo\/image\/","url":"https:\/\/iptv-tel.com\/wp-content\/uploads\/2026\/04\/cropped-cropped-rsz_1iptvtel.png","contentUrl":"https:\/\/iptv-tel.com\/wp-content\/uploads\/2026\/04\/cropped-cropped-rsz_1iptvtel.png","width":531,"height":182,"caption":"iptv-tel"},"image":{"@id":"https:\/\/iptv-tel.com\/#\/schema\/logo\/image\/"}}]}},"_hostinger_reach_plugin_has_subscription_block":false,"_hostinger_reach_plugin_is_elementor":false,"_links":{"self":[{"href":"https:\/\/iptv-tel.com\/es\/wp-json\/wp\/v2\/pages\/1742","targetHints":{"allow":["GET"]}}],"collection":[{"href":"https:\/\/iptv-tel.com\/es\/wp-json\/wp\/v2\/pages"}],"about":[{"href":"https:\/\/iptv-tel.com\/es\/wp-json\/wp\/v2\/types\/page"}],"author":[{"embeddable":true,"href":"https:\/\/iptv-tel.com\/es\/wp-json\/wp\/v2\/users\/1"}],"replies":[{"embeddable":true,"href":"https:\/\/iptv-tel.com\/es\/wp-json\/wp\/v2\/comments?post=1742"}],"version-history":[{"count":7,"href":"https:\/\/iptv-tel.com\/es\/wp-json\/wp\/v2\/pages\/1742\/revisions"}],"predecessor-version":[{"id":1749,"href":"https:\/\/iptv-tel.com\/es\/wp-json\/wp\/v2\/pages\/1742\/revisions\/1749"}],"wp:attachment":[{"href":"https:\/\/iptv-tel.com\/es\/wp-json\/wp\/v2\/media?parent=1742"}],"curies":[{"name":"wp","href":"https:\/\/api.w.org\/{rel}","templated":true}]}}