{"id":1691,"date":"2024-06-11T13:00:11","date_gmt":"2024-06-11T12:00:11","guid":{"rendered":"https:\/\/rawiptv.com\/?page_id=1691"},"modified":"2026-04-24T23:16:19","modified_gmt":"2026-04-24T22:16:19","slug":"channel-list","status":"publish","type":"page","link":"https:\/\/iptv-tel.com\/fr\/channel-list\/","title":{"rendered":"Liste des cha\u00eenes"},"content":{"rendered":"<div data-elementor-type=\"wp-page\" data-elementor-id=\"1691\" class=\"elementor elementor-1691\" data-elementor-post-type=\"page\">\n\t\t\t\t<div class=\"elementor-element elementor-element-453afd7 e-con-full e-flex e-con e-child\" data-id=\"453afd7\" data-element_type=\"container\" data-e-type=\"container\">\n\t\t\t\t<div class=\"elementor-element elementor-element-8c95ff7 elementor-widget elementor-widget-heading\" data-id=\"8c95ff7\" data-element_type=\"widget\" data-e-type=\"widget\" data-widget_type=\"heading.default\">\n\t\t\t\t<div class=\"elementor-widget-container\">\n\t\t\t\t\t<h3 class=\"elementor-heading-title elementor-size-default\">Parcourez vos cha\u00eenes de t\u00e9l\u00e9vision pr\u00e9f\u00e9r\u00e9es<\/h3>\t\t\t\t<\/div>\n\t\t\t\t<\/div>\n\t\t\t\t<\/div>\n\t\t<div class=\"elementor-element elementor-element-fe9106a e-con-full e-flex e-con e-parent\" data-id=\"fe9106a\" data-element_type=\"container\" data-e-type=\"container\">\n\t\t\t\t<div class=\"elementor-element elementor-element-b87e3f6 elementor-widget elementor-widget-text-editor\" data-id=\"b87e3f6\" data-element_type=\"widget\" data-e-type=\"widget\" data-widget_type=\"text-editor.default\">\n\t\t\t\t<div class=\"elementor-widget-container\">\n\t\t\t\t\t\t\t\t\t<p>Nous vous remercions de l'int\u00e9r\u00eat que vous portez \u00e0 nos diverses offres de cha\u00eenes. Pour des raisons de droits d'auteur, nous ne sommes pas en mesure de publier une liste compl\u00e8te des cha\u00eenes sur notre site web. Nous vous encourageons \u00e0 profiter de notre p\u00e9riode d'essai gratuite pour d\u00e9couvrir notre s\u00e9lection compl\u00e8te. Si vous avez des questions ou si vous souhaitez obtenir de plus amples informations, n'h\u00e9sitez pas \u00e0 contacter notre service client\u00e8le.<\/p>\t\t\t\t\t\t\t\t<\/div>\n\t\t\t\t<\/div>\n\t\t<div class=\"elementor-element elementor-element-1050c03 e-grid e-con-boxed e-con e-child\" data-id=\"1050c03\" data-element_type=\"container\" data-e-type=\"container\">\n\t\t\t\t\t<div class=\"e-con-inner\">\n\t\t\t\t<div class=\"elementor-element elementor-element-f237f66 elementor-mobile-align-center elementor-widget elementor-widget-button\" data-id=\"f237f66\" data-element_type=\"widget\" data-e-type=\"widget\" data-widget_type=\"button.default\">\n\t\t\t\t<div class=\"elementor-widget-container\">\n\t\t\t\t\t\t\t\t\t<div class=\"elementor-button-wrapper\">\n\t\t\t\t\t<a class=\"elementor-button elementor-button-link elementor-size-sm\" href=\"https:\/\/iptv-tel.com\/fr\/#plans\">\n\t\t\t\t\t\t<span class=\"elementor-button-content-wrapper\">\n\t\t\t\t\t\t\t\t\t<span class=\"elementor-button-text\">&nbsp;Acheter&nbsp;<\/span>\n\t\t\t\t\t<\/span>\n\t\t\t\t\t<\/a>\n\t\t\t\t<\/div>\n\t\t\t\t\t\t\t\t<\/div>\n\t\t\t\t<\/div>\n\t\t\t\t<div class=\"elementor-element elementor-element-b8e8275 elementor-mobile-align-center elementor-widget elementor-widget-button\" data-id=\"b8e8275\" data-element_type=\"widget\" data-e-type=\"widget\" data-widget_type=\"button.default\">\n\t\t\t\t<div class=\"elementor-widget-container\">\n\t\t\t\t\t\t\t\t\t<div class=\"elementor-button-wrapper\">\n\t\t\t\t\t<a class=\"elementor-button elementor-button-link elementor-size-sm\" href=\"https:\/\/api.whatsapp.com\/send\/?phone=447526358797&#038;text=Bonjour%2C+j%27aimerais+demander+un+test+gratuit.+Merci+de+m%27assister.&#038;type=phone_number&#038;app_absent=0](https:\/\/api.whatsapp.com\/send\/?phone=13642174282&#038;text=Bonjour%2C+j%27aimerais+demander+un+test+gratuit.+Merci+de+m%27assister.&#038;type=phone_number&#038;app_absent=0\">\n\t\t\t\t\t\t<span class=\"elementor-button-content-wrapper\">\n\t\t\t\t\t\t\t\t\t<span class=\"elementor-button-text\">Test gratuit<\/span>\n\t\t\t\t\t<\/span>\n\t\t\t\t\t<\/a>\n\t\t\t\t<\/div>\n\t\t\t\t\t\t\t\t<\/div>\n\t\t\t\t<\/div>\n\t\t\t\t\t<\/div>\n\t\t\t\t<\/div>\n\t\t\t\t<\/div>\n\t\t<div class=\"elementor-element elementor-element-6b49374 e-flex e-con-boxed e-con e-parent\" data-id=\"6b49374\" data-element_type=\"container\" data-e-type=\"container\">\n\t\t\t\t\t<div class=\"e-con-inner\">\n\t\t\t\t\t<\/div>\n\t\t\t\t<\/div>\n\t\t\t\t<\/div>","protected":false},"excerpt":{"rendered":"<p>Browse your favourite tv channels We appreciate your interest in our diverse channel offerings. Due to copyright considerations, we are unable to publish a complete list of channels on our website. We encourage you to take advantage of our free trial period to experience our full selection firsthand. If you have any questions or need [&hellip;]<\/p>\n","protected":false},"author":1,"featured_media":0,"parent":0,"menu_order":0,"comment_status":"closed","ping_status":"closed","template":"elementor_header_footer","meta":{"footnotes":""},"class_list":["post-1691","page","type-page","status-publish","hentry"],"yoast_head":"<!-- This site is optimized with the Yoast SEO plugin v27.4 - https:\/\/yoast.com\/product\/yoast-seo-wordpress\/ -->\n<title>Channel list - Iptv-tel.com<\/title>\n<meta name=\"robots\" content=\"index, follow, max-snippet:-1, max-image-preview:large, max-video-preview:-1\" \/>\n<link rel=\"canonical\" href=\"https:\/\/iptv-tel.com\/fr\/channel-list\/\" \/>\n<meta property=\"og:locale\" content=\"fr_FR\" \/>\n<meta property=\"og:type\" content=\"article\" \/>\n<meta property=\"og:title\" content=\"Channel list - Iptv-tel.com\" \/>\n<meta property=\"og:description\" content=\"Browse your favourite tv channels We appreciate your interest in our diverse channel offerings. Due to copyright considerations, we are unable to publish a complete list of channels on our website. We encourage you to take advantage of our free trial period to experience our full selection firsthand. If you have any questions or need [&hellip;]\" \/>\n<meta property=\"og:url\" content=\"https:\/\/iptv-tel.com\/fr\/channel-list\/\" \/>\n<meta property=\"og:site_name\" content=\"Iptv-tel.com\" \/>\n<meta property=\"article:modified_time\" content=\"2026-04-24T22:16:19+00:00\" \/>\n<meta property=\"og:image\" content=\"https:\/\/iptv-tel.com\/wp-content\/uploads\/2026\/04\/iptvtel-1024x683.png\" \/>\n\t<meta property=\"og:image:width\" content=\"1024\" \/>\n\t<meta property=\"og:image:height\" content=\"683\" \/>\n\t<meta property=\"og:image:type\" content=\"image\/png\" \/>\n<meta name=\"twitter:card\" content=\"summary_large_image\" \/>\n<script type=\"application\/ld+json\" class=\"yoast-schema-graph\">{\"@context\":\"https:\\\/\\\/schema.org\",\"@graph\":[{\"@type\":\"WebPage\",\"@id\":\"https:\\\/\\\/iptv-tel.com\\\/channel-list\\\/\",\"url\":\"https:\\\/\\\/iptv-tel.com\\\/channel-list\\\/\",\"name\":\"Channel list - Iptv-tel.com\",\"isPartOf\":{\"@id\":\"https:\\\/\\\/iptv-tel.com\\\/#website\"},\"datePublished\":\"2024-06-11T12:00:11+00:00\",\"dateModified\":\"2026-04-24T22:16:19+00:00\",\"breadcrumb\":{\"@id\":\"https:\\\/\\\/iptv-tel.com\\\/channel-list\\\/#breadcrumb\"},\"inLanguage\":\"fr-FR\",\"potentialAction\":[{\"@type\":\"ReadAction\",\"target\":[\"https:\\\/\\\/iptv-tel.com\\\/channel-list\\\/\"]}]},{\"@type\":\"BreadcrumbList\",\"@id\":\"https:\\\/\\\/iptv-tel.com\\\/channel-list\\\/#breadcrumb\",\"itemListElement\":[{\"@type\":\"ListItem\",\"position\":1,\"name\":\"Home\",\"item\":\"https:\\\/\\\/iptv-tel.com\\\/\"},{\"@type\":\"ListItem\",\"position\":2,\"name\":\"Channel list\"}]},{\"@type\":\"WebSite\",\"@id\":\"https:\\\/\\\/iptv-tel.com\\\/#website\",\"url\":\"https:\\\/\\\/iptv-tel.com\\\/\",\"name\":\"iptv-tel\",\"description\":\"iptv\",\"publisher\":{\"@id\":\"https:\\\/\\\/iptv-tel.com\\\/#organization\"},\"alternateName\":\"iptv-tel\",\"potentialAction\":[{\"@type\":\"SearchAction\",\"target\":{\"@type\":\"EntryPoint\",\"urlTemplate\":\"https:\\\/\\\/iptv-tel.com\\\/?s={search_term_string}\"},\"query-input\":{\"@type\":\"PropertyValueSpecification\",\"valueRequired\":true,\"valueName\":\"search_term_string\"}}],\"inLanguage\":\"fr-FR\"},{\"@type\":\"Organization\",\"@id\":\"https:\\\/\\\/iptv-tel.com\\\/#organization\",\"name\":\"iptv-tel\",\"alternateName\":\"iptv\",\"url\":\"https:\\\/\\\/iptv-tel.com\\\/\",\"logo\":{\"@type\":\"ImageObject\",\"inLanguage\":\"fr-FR\",\"@id\":\"https:\\\/\\\/iptv-tel.com\\\/#\\\/schema\\\/logo\\\/image\\\/\",\"url\":\"https:\\\/\\\/iptv-tel.com\\\/wp-content\\\/uploads\\\/2026\\\/04\\\/cropped-cropped-rsz_1iptvtel.png\",\"contentUrl\":\"https:\\\/\\\/iptv-tel.com\\\/wp-content\\\/uploads\\\/2026\\\/04\\\/cropped-cropped-rsz_1iptvtel.png\",\"width\":531,\"height\":182,\"caption\":\"iptv-tel\"},\"image\":{\"@id\":\"https:\\\/\\\/iptv-tel.com\\\/#\\\/schema\\\/logo\\\/image\\\/\"}}]}<\/script>\n<!-- \/ Yoast SEO plugin. -->","yoast_head_json":{"title":"Channel list - Iptv-tel.com","robots":{"index":"index","follow":"follow","max-snippet":"max-snippet:-1","max-image-preview":"max-image-preview:large","max-video-preview":"max-video-preview:-1"},"canonical":"https:\/\/iptv-tel.com\/fr\/channel-list\/","og_locale":"fr_FR","og_type":"article","og_title":"Channel list - Iptv-tel.com","og_description":"Browse your favourite tv channels We appreciate your interest in our diverse channel offerings. Due to copyright considerations, we are unable to publish a complete list of channels on our website. We encourage you to take advantage of our free trial period to experience our full selection firsthand. If you have any questions or need [&hellip;]","og_url":"https:\/\/iptv-tel.com\/fr\/channel-list\/","og_site_name":"Iptv-tel.com","article_modified_time":"2026-04-24T22:16:19+00:00","og_image":[{"width":1024,"height":683,"url":"https:\/\/iptv-tel.com\/wp-content\/uploads\/2026\/04\/iptvtel-1024x683.png","type":"image\/png"}],"twitter_card":"summary_large_image","schema":{"@context":"https:\/\/schema.org","@graph":[{"@type":"WebPage","@id":"https:\/\/iptv-tel.com\/channel-list\/","url":"https:\/\/iptv-tel.com\/channel-list\/","name":"Channel list - Iptv-tel.com","isPartOf":{"@id":"https:\/\/iptv-tel.com\/#website"},"datePublished":"2024-06-11T12:00:11+00:00","dateModified":"2026-04-24T22:16:19+00:00","breadcrumb":{"@id":"https:\/\/iptv-tel.com\/channel-list\/#breadcrumb"},"inLanguage":"fr-FR","potentialAction":[{"@type":"ReadAction","target":["https:\/\/iptv-tel.com\/channel-list\/"]}]},{"@type":"BreadcrumbList","@id":"https:\/\/iptv-tel.com\/channel-list\/#breadcrumb","itemListElement":[{"@type":"ListItem","position":1,"name":"Home","item":"https:\/\/iptv-tel.com\/"},{"@type":"ListItem","position":2,"name":"Channel list"}]},{"@type":"WebSite","@id":"https:\/\/iptv-tel.com\/#website","url":"https:\/\/iptv-tel.com\/","name":"iptv-tel","description":"iptv","publisher":{"@id":"https:\/\/iptv-tel.com\/#organization"},"alternateName":"iptv-tel","potentialAction":[{"@type":"SearchAction","target":{"@type":"EntryPoint","urlTemplate":"https:\/\/iptv-tel.com\/?s={search_term_string}"},"query-input":{"@type":"PropertyValueSpecification","valueRequired":true,"valueName":"search_term_string"}}],"inLanguage":"fr-FR"},{"@type":"Organization","@id":"https:\/\/iptv-tel.com\/#organization","name":"iptv-tel","alternateName":"iptv","url":"https:\/\/iptv-tel.com\/","logo":{"@type":"ImageObject","inLanguage":"fr-FR","@id":"https:\/\/iptv-tel.com\/#\/schema\/logo\/image\/","url":"https:\/\/iptv-tel.com\/wp-content\/uploads\/2026\/04\/cropped-cropped-rsz_1iptvtel.png","contentUrl":"https:\/\/iptv-tel.com\/wp-content\/uploads\/2026\/04\/cropped-cropped-rsz_1iptvtel.png","width":531,"height":182,"caption":"iptv-tel"},"image":{"@id":"https:\/\/iptv-tel.com\/#\/schema\/logo\/image\/"}}]}},"_hostinger_reach_plugin_has_subscription_block":false,"_hostinger_reach_plugin_is_elementor":false,"_links":{"self":[{"href":"https:\/\/iptv-tel.com\/fr\/wp-json\/wp\/v2\/pages\/1691","targetHints":{"allow":["GET"]}}],"collection":[{"href":"https:\/\/iptv-tel.com\/fr\/wp-json\/wp\/v2\/pages"}],"about":[{"href":"https:\/\/iptv-tel.com\/fr\/wp-json\/wp\/v2\/types\/page"}],"author":[{"embeddable":true,"href":"https:\/\/iptv-tel.com\/fr\/wp-json\/wp\/v2\/users\/1"}],"replies":[{"embeddable":true,"href":"https:\/\/iptv-tel.com\/fr\/wp-json\/wp\/v2\/comments?post=1691"}],"version-history":[{"count":43,"href":"https:\/\/iptv-tel.com\/fr\/wp-json\/wp\/v2\/pages\/1691\/revisions"}],"predecessor-version":[{"id":2095,"href":"https:\/\/iptv-tel.com\/fr\/wp-json\/wp\/v2\/pages\/1691\/revisions\/2095"}],"wp:attachment":[{"href":"https:\/\/iptv-tel.com\/fr\/wp-json\/wp\/v2\/media?parent=1691"}],"curies":[{"name":"wp","href":"https:\/\/api.w.org\/{rel}","templated":true}]}}